{"id":2037,"date":"2018-11-14T07:12:16","date_gmt":"2018-11-14T06:12:16","guid":{"rendered":"http:\/\/poljaneang.splet.arnes.si\/?page_id=2037"},"modified":"2022-06-07T19:20:55","modified_gmt":"2022-06-07T17:20:55","slug":"prva-stran","status":"publish","type":"page","link":"https:\/\/poljaneang.splet.arnes.si\/","title":{"rendered":"Prva stran"},"content":{"rendered":"<p><img loading=\"lazy\" decoding=\"async\" class=\"wp-image-2053 aligncenter\" src=\"http:\/\/poljaneang.splet.arnes.si\/files\/2018\/11\/English-300x74.png\" alt=\"\" width=\"580\" height=\"143\" srcset=\"https:\/\/poljaneang.splet.arnes.si\/files\/2018\/11\/English-300x74.png 300w, https:\/\/poljaneang.splet.arnes.si\/files\/2018\/11\/English-768x189.png 768w, https:\/\/poljaneang.splet.arnes.si\/files\/2018\/11\/English-1024x252.png 1024w, https:\/\/poljaneang.splet.arnes.si\/files\/2018\/11\/English-224x55.png 224w, https:\/\/poljaneang.splet.arnes.si\/files\/2018\/11\/English-947x233.png 947w, https:\/\/poljaneang.splet.arnes.si\/files\/2018\/11\/English-624x154.png 624w, https:\/\/poljaneang.splet.arnes.si\/files\/2018\/11\/English.png 1386w\" sizes=\"auto, (max-width: 580px) 100vw, 580px\" \/><\/p>\n<p><span style=\"color: #0000ff\"><strong>Angle\u0161\u010dina je svetovni jezik,<\/strong><\/span> s katerim se \u017ee v otro\u0161tvu ne sre\u010dajo le angle\u0161ko govore\u010di otroci, ampak tudi vi. Zakaj? Ker je raz\u0161irjena po vsem svetu \u2013 kot materni ali prvi jezik jo govori okrog 450 milijonov ljudi: Britanci, Irci, Ameri\u010dani, Avstralci in Novozelandci, uradni jezik je v pribli\u017eno petdesetih dr\u017eavah.<\/p>\n<p><span style=\"color: #ff6600\"><strong>Znanje angle\u0161\u010dine je nujno skoraj povsod<\/strong><\/span> \u2013 v turizmu, znanosti, \u0161portu, popularni glasbi, z njo smo soo\u010deni prek televizije, svetovnega spleta, na socialnih omre\u017ejih. Angle\u0161\u010dina je torej najpomembnej\u0161i mednarodni jezik in nas povezuje s svetom.<\/p>\n<p>Angle\u0161\u010dina je tudi pri nas prvi tuji jezik, ki se pou\u010duje v vseh razredih osnovne \u0161ole. Nekaterim je v veselje, marsikomu pa povzro\u010da te\u017eave.<\/p>\n<p><span style=\"color: #ff0000\"><strong>Ta spletna stran je namenjena vsem<\/strong><\/span> \u2013 tako tistim, ki bi radi \u0161e kaj ve\u010d prebrali in poslu\u0161ali, kot tistim, ki bi radi poiskali dodatne razlage in vaje.<\/p>\n<h4>Torej \u2013 <strong><span style=\"color: #339966\">sprehodite se po temah, berite, poslu\u0161ajte, klikajte in poi\u0161\u010dite nekaj zase!<\/span><\/strong><\/h4>\n<p><img loading=\"lazy\" decoding=\"async\" class=\"wp-image-2055 aligncenter\" src=\"http:\/\/poljaneang.splet.arnes.si\/files\/2018\/11\/Play_learn_grow_together-300x223.jpg\" alt=\"\" width=\"375\" height=\"279\" srcset=\"https:\/\/poljaneang.splet.arnes.si\/files\/2018\/11\/Play_learn_grow_together-300x223.jpg 300w, https:\/\/poljaneang.splet.arnes.si\/files\/2018\/11\/Play_learn_grow_together-768x570.jpg 768w, https:\/\/poljaneang.splet.arnes.si\/files\/2018\/11\/Play_learn_grow_together-74x55.jpg 74w, https:\/\/poljaneang.splet.arnes.si\/files\/2018\/11\/Play_learn_grow_together-624x463.jpg 624w, https:\/\/poljaneang.splet.arnes.si\/files\/2018\/11\/Play_learn_grow_together.jpg 800w\" sizes=\"auto, (max-width: 375px) 100vw, 375px\" \/><\/p>\n","protected":false},"excerpt":{"rendered":"<p>Angle\u0161\u010dina je svetovni jezik, s katerim se \u017ee v otro\u0161tvu ne sre\u010dajo le angle\u0161ko govore\u010di otroci, ampak tudi vi. Zakaj? Ker je raz\u0161irjena po vsem svetu \u2013 kot materni ali prvi jezik jo govori&#46;&#46;&#46;<\/p>\n","protected":false},"author":1973,"featured_media":0,"parent":0,"menu_order":0,"comment_status":"closed","ping_status":"closed","template":"","meta":{"footnotes":""},"class_list":["post-2037","page","type-page","status-publish","hentry"],"_links":{"self":[{"href":"https:\/\/poljaneang.splet.arnes.si\/index.php?rest_route=\/wp\/v2\/pages\/2037","targetHints":{"allow":["GET"]}}],"collection":[{"href":"https:\/\/poljaneang.splet.arnes.si\/index.php?rest_route=\/wp\/v2\/pages"}],"about":[{"href":"https:\/\/poljaneang.splet.arnes.si\/index.php?rest_route=\/wp\/v2\/types\/page"}],"author":[{"embeddable":true,"href":"https:\/\/poljaneang.splet.arnes.si\/index.php?rest_route=\/wp\/v2\/users\/1973"}],"replies":[{"embeddable":true,"href":"https:\/\/poljaneang.splet.arnes.si\/index.php?rest_route=%2Fwp%2Fv2%2Fcomments&post=2037"}],"version-history":[{"count":4,"href":"https:\/\/poljaneang.splet.arnes.si\/index.php?rest_route=\/wp\/v2\/pages\/2037\/revisions"}],"predecessor-version":[{"id":2253,"href":"https:\/\/poljaneang.splet.arnes.si\/index.php?rest_route=\/wp\/v2\/pages\/2037\/revisions\/2253"}],"wp:attachment":[{"href":"https:\/\/poljaneang.splet.arnes.si\/index.php?rest_route=%2Fwp%2Fv2%2Fmedia&parent=2037"}],"curies":[{"name":"wp","href":"https:\/\/api.w.org\/{rel}","templated":true}]}}